{"id":1281,"date":"2022-07-21T10:13:18","date_gmt":"2022-07-21T10:13:18","guid":{"rendered":"https:\/\/rf1975.it\/nous-connaitre\/"},"modified":"2022-09-26T11:03:03","modified_gmt":"2022-09-26T11:03:03","slug":"nous-connaitre","status":"publish","type":"page","link":"https:\/\/rf1975.it\/fr\/nous-connaitre\/","title":{"rendered":"NOUS CONNA\u00ceTRE"},"content":{"rendered":"\t\t<div data-elementor-type=\"wp-page\" data-elementor-id=\"1281\" class=\"elementor elementor-1281 elementor-152\">\n\t\t\t\t\t\t<section class=\"elementor-section elementor-top-section elementor-element elementor-element-92bf5d1 elementor-section-boxed elementor-section-height-default elementor-section-height-default parallax_section_no qode_elementor_container_no qode-content-aligment-left\" data-id=\"92bf5d1\" data-element_type=\"section\">\n\t\t\t\t\t\t<div class=\"elementor-container elementor-column-gap-default\">\n\t\t\t\t\t<div class=\"elementor-column elementor-col-100 elementor-top-column elementor-element elementor-element-e53c060\" data-id=\"e53c060\" data-element_type=\"column\">\n\t\t\t<div class=\"elementor-widget-wrap elementor-element-populated\">\n\t\t\t\t\t\t<div class=\"elementor-element elementor-element-c59e277 elementor-widget elementor-widget-slider_revolution\" data-id=\"c59e277\" data-element_type=\"widget\" data-widget_type=\"slider_revolution.default\">\n\t\t\t\t<div class=\"elementor-widget-container\">\n\t\t\t\n\t\t<div class=\"wp-block-themepunch-revslider\">\n\t\t\t<!-- START about REVOLUTION SLIDER 6.6.18 --><p class=\"rs-p-wp-fix\"><\/p>\n\t\t\t<rs-module-wrap id=\"rev_slider_1_1_wrapper\" data-source=\"gallery\" style=\"visibility:hidden;background:transparent;padding:0;margin:0px auto;margin-top:0;margin-bottom:0;\">\n\t\t\t\t<rs-module id=\"rev_slider_1_1\" style=\"\" data-version=\"6.6.18\">\n\t\t\t\t\t<rs-slides style=\"overflow: hidden; position: absolute;\">\n\t\t\t\t\t\t<rs-slide style=\"position: absolute;\" data-key=\"rs-36\" data-title=\"Slide\" data-anim=\"adpr:false;\" data-in=\"o:0;\" data-out=\"a:false;\">\n\t\t\t\t\t\t\t<img fetchpriority=\"high\" decoding=\"async\" src=\"\/\/rf1975.it\/wp-content\/plugins\/revslider\/public\/assets\/assets\/dummy.png\" alt=\"\" title=\"Roberto_Fantoccoli_0616\" width=\"2400\" height=\"1600\" class=\"rev-slidebg tp-rs-img rs-lazyload\" data-lazyload=\"\/\/rf1975.it\/wp-content\/uploads\/2022\/09\/Roberto_Fantoccoli_0616.jpg\" data-parallax=\"off\" data-no-retina>\n<!--\n\t\t\t\t\t\t\t--><rs-layer\n\t\t\t\t\t\t\t\tid=\"slider-1-slide-36-layer-0\" \n\t\t\t\t\t\t\t\tdata-type=\"text\"\n\t\t\t\t\t\t\t\tdata-color=\"rgba(255, 255, 255, 0)\"\n\t\t\t\t\t\t\t\tdata-xy=\"x:c;y:m;yo:4px,4px,4px,-4px;\"\n\t\t\t\t\t\t\t\tdata-text=\"w:normal;s:110,100,70,50;l:300;fw:600;\"\n\t\t\t\t\t\t\t\tdata-tst=\"w:2px,2px,2px,1px;c:#ffffff;\"\n\t\t\t\t\t\t\t\tdata-basealign=\"slide\"\n\t\t\t\t\t\t\t\tdata-rsp_o=\"off\"\n\t\t\t\t\t\t\t\tdata-rsp_bd=\"off\"\n\t\t\t\t\t\t\t\tdata-frame_0=\"y:50;\"\n\t\t\t\t\t\t\t\tdata-frame_1=\"sp:1000;\"\n\t\t\t\t\t\t\t\tdata-frame_999=\"o:0;st:w;\"\n\t\t\t\t\t\t\t\tstyle=\"z-index:5;font-family:'EB Garamond';\"\n\t\t\t\t\t\t\t>Nous conna\u00eetre \n\t\t\t\t\t\t\t<\/rs-layer><!--\n-->\t\t\t\t\t\t<\/rs-slide>\n\t\t\t\t\t<\/rs-slides>\n\t\t\t\t<\/rs-module>\n\t\t\t\t<script>\n\t\t\t\t\tsetREVStartSize({c: 'rev_slider_1_1',rl:[1240,1024,778,480],el:[350,350,250,200],gw:[1240,1024,778,480],gh:[350,350,250,200],type:'standard',justify:'',layout:'fullwidth',mh:\"0\"});if (window.RS_MODULES!==undefined && window.RS_MODULES.modules!==undefined && window.RS_MODULES.modules[\"revslider11\"]!==undefined) {window.RS_MODULES.modules[\"revslider11\"].once = false;window.revapi1 = undefined;if (window.RS_MODULES.checkMinimal!==undefined) window.RS_MODULES.checkMinimal()}\n\t\t\t\t<\/script>\n\t\t\t<\/rs-module-wrap>\n\t\t\t<!-- END REVOLUTION SLIDER -->\n<\/div>\n\n\t\t\t\t<\/div>\n\t\t\t\t<\/div>\n\t\t\t\t\t<\/div>\n\t\t<\/div>\n\t\t\t\t\t<\/div>\n\t\t<\/section>\n\t\t\t\t<section class=\"elementor-section elementor-top-section elementor-element elementor-element-4713ddc elementor-section-full_width elementor-section-height-default elementor-section-height-default parallax_section_no qode_elementor_container_no qode-content-aligment-left\" data-id=\"4713ddc\" data-element_type=\"section\">\n\t\t\t\t\t\t<div class=\"elementor-container elementor-column-gap-default\">\n\t\t\t\t\t<div class=\"elementor-column elementor-col-100 elementor-top-column elementor-element elementor-element-eb1fa1a\" data-id=\"eb1fa1a\" data-element_type=\"column\">\n\t\t\t<div class=\"elementor-widget-wrap elementor-element-populated\">\n\t\t\t\t\t\t<div class=\"elementor-element elementor-element-c055d62 elementor-widget elementor-widget-text-editor\" data-id=\"c055d62\" data-element_type=\"widget\" data-widget_type=\"text-editor.default\">\n\t\t\t\t<div class=\"elementor-widget-container\">\n\t\t\t\t\t\t\t<h2>L\u2019entreprise<\/h2>\t\t\t\t\t\t<\/div>\n\t\t\t\t<\/div>\n\t\t\t\t<div class=\"elementor-element elementor-element-a2eb971 elementor-widget elementor-widget-text-editor\" data-id=\"a2eb971\" data-element_type=\"widget\" data-widget_type=\"text-editor.default\">\n\t\t\t\t<div class=\"elementor-widget-container\">\n\t\t\t\t\t\t\t<h4><em>RF Roberto Fantoccoli 1975<\/em> est un convertisseur de textile attentif au march\u00e9 du luxe et sp\u00e9cialis\u00e9 dans une ample s\u00e9rie de tissus et de processus de fabrication. Ce projet englobe le pass\u00e9, le pr\u00e9sent et le futur et relance une marque historique du secteur, <em>RF Roberto Fantoccoli<\/em>, tout en lui redonnant une nouvelle expression, moderne et innovante.<\/h4>\t\t\t\t\t\t<\/div>\n\t\t\t\t<\/div>\n\t\t\t\t\t<\/div>\n\t\t<\/div>\n\t\t\t\t\t<\/div>\n\t\t<\/section>\n\t\t\t\t<section class=\"elementor-section elementor-top-section elementor-element elementor-element-ef4fd9b elementor-section-full_width elementor-section-height-default elementor-section-height-default parallax_section_no qode_elementor_container_no qode-content-aligment-left\" data-id=\"ef4fd9b\" data-element_type=\"section\">\n\t\t\t\t\t\t<div class=\"elementor-container elementor-column-gap-default\">\n\t\t\t\t\t<div class=\"elementor-column elementor-col-50 elementor-top-column elementor-element elementor-element-55c468f\" data-id=\"55c468f\" data-element_type=\"column\">\n\t\t\t<div class=\"elementor-widget-wrap elementor-element-populated\">\n\t\t\t\t\t\t<div class=\"elementor-element elementor-element-3c3e6d0 elementor-widget elementor-widget-text-editor\" data-id=\"3c3e6d0\" data-element_type=\"widget\" data-widget_type=\"text-editor.default\">\n\t\t\t\t<div class=\"elementor-widget-container\">\n\t\t\t\t\t\t\t<p>En mai 2021, <em>RF Roberto Fantoccoli 1975<\/em> est cr\u00e9\u00e9e par les propri\u00e9taires de <em>Tintseta<\/em>, une industrie textile, de plus de quarante ans d\u2019exp\u00e9rience dans le secteur, avec les successeurs de Roberto.<\/p><p>\u00a0<\/p><p><em>Tintseta<\/em> a achet\u00e9 la marque <em>RF Roberto Fantoccoli<\/em> et ses archives historiques, qui sont et resteront toujours tr\u00e8s actuelles tout en \u00e9tant un merveilleux exemple de recherche et de source d\u2019inspiration.<\/p><p>\u00a0<\/p><p>L\u2019entreprise et sa m\u00e9thode de travail se caract\u00e9risent par son ressort et son dynamisme, elle est assist\u00e9e aussi par <em>Tintseta<\/em>, tr\u00e8s forte industriellement.<\/p><p>\u00a0<\/p><p>L\u2019aspect innovant de l\u2019entreprise c\u2019est son approche au d\u00e9veloppement durable, avec des offres et emplois de mat\u00e9riaux, ainsi que des \u00e9changes attentifs avec le client tout en prenant soin du d\u00e9tail.<\/p>\t\t\t\t\t\t<\/div>\n\t\t\t\t<\/div>\n\t\t\t\t<div class=\"elementor-element elementor-element-82c5e5d elementor-widget elementor-widget-qbutton\" data-id=\"82c5e5d\" data-element_type=\"widget\" data-widget_type=\"qbutton.default\">\n\t\t\t\t<div class=\"elementor-widget-container\">\n\t\t\t<a href=\"\/fr\/historique\/\" target=\"_self\" data-hover-background-color='#FFFFFF' data-hover-border-color='#5F5F5F' data-hover-color='#5F5F5F' class=\"qbutton  white\" style=\"color: #000000; border-color: #000000; background-color: #FFFFFF;\">Notre histoire<\/a>\t\t<\/div>\n\t\t\t\t<\/div>\n\t\t\t\t\t<\/div>\n\t\t<\/div>\n\t\t\t\t<div class=\"elementor-column elementor-col-50 elementor-top-column elementor-element elementor-element-0fde9f6\" data-id=\"0fde9f6\" data-element_type=\"column\">\n\t\t\t<div class=\"elementor-widget-wrap elementor-element-populated\">\n\t\t\t\t\t\t<div class=\"elementor-element elementor-element-35b13d7 elementor-widget elementor-widget-image\" data-id=\"35b13d7\" data-element_type=\"widget\" data-widget_type=\"image.default\">\n\t\t\t\t<div class=\"elementor-widget-container\">\n\t\t\t\t\t\t\t\t\t\t\t\t\t<img decoding=\"async\" width=\"1600\" height=\"1899\" src=\"https:\/\/rf1975.it\/wp-content\/uploads\/2022\/09\/Roberto_Fantoccoli_0645-1.jpg\" class=\"attachment-full size-full wp-image-788\" alt=\"\" srcset=\"https:\/\/rf1975.it\/wp-content\/uploads\/2022\/09\/Roberto_Fantoccoli_0645-1.jpg 1600w, https:\/\/rf1975.it\/wp-content\/uploads\/2022\/09\/Roberto_Fantoccoli_0645-1-253x300.jpg 253w, https:\/\/rf1975.it\/wp-content\/uploads\/2022\/09\/Roberto_Fantoccoli_0645-1-863x1024.jpg 863w, https:\/\/rf1975.it\/wp-content\/uploads\/2022\/09\/Roberto_Fantoccoli_0645-1-768x912.jpg 768w, https:\/\/rf1975.it\/wp-content\/uploads\/2022\/09\/Roberto_Fantoccoli_0645-1-1294x1536.jpg 1294w, https:\/\/rf1975.it\/wp-content\/uploads\/2022\/09\/Roberto_Fantoccoli_0645-1-700x831.jpg 700w, https:\/\/rf1975.it\/wp-content\/uploads\/2022\/09\/Roberto_Fantoccoli_0645-1-1100x1306.jpg 1100w\" sizes=\"(max-width: 1600px) 100vw, 1600px\" \/>\t\t\t\t\t\t\t\t\t\t\t\t\t<\/div>\n\t\t\t\t<\/div>\n\t\t\t\t\t<\/div>\n\t\t<\/div>\n\t\t\t\t\t<\/div>\n\t\t<\/section>\n\t\t\t\t<section class=\"elementor-section elementor-top-section elementor-element elementor-element-54cfea0 elementor-section-full_width elementor-section-height-default elementor-section-height-default parallax_section_no qode_elementor_container_no qode-content-aligment-left\" data-id=\"54cfea0\" data-element_type=\"section\">\n\t\t\t\t\t\t<div class=\"elementor-container elementor-column-gap-default\">\n\t\t\t\t\t<div class=\"elementor-column elementor-col-100 elementor-top-column elementor-element elementor-element-133454e\" data-id=\"133454e\" data-element_type=\"column\">\n\t\t\t<div class=\"elementor-widget-wrap elementor-element-populated\">\n\t\t\t\t\t\t<section class=\"elementor-section elementor-inner-section elementor-element elementor-element-59bf65e elementor-section-boxed elementor-section-height-default elementor-section-height-default parallax_section_no qode_elementor_container_no qode-content-aligment-left\" data-id=\"59bf65e\" data-element_type=\"section\">\n\t\t\t\t\t\t<div class=\"elementor-container elementor-column-gap-wider\">\n\t\t\t\t\t<div class=\"elementor-column elementor-col-50 elementor-inner-column elementor-element elementor-element-c7a0124\" data-id=\"c7a0124\" data-element_type=\"column\">\n\t\t\t<div class=\"elementor-widget-wrap elementor-element-populated\">\n\t\t\t\t\t\t<div class=\"elementor-element elementor-element-e9e816e elementor-widget elementor-widget-text-editor\" data-id=\"e9e816e\" data-element_type=\"widget\" data-widget_type=\"text-editor.default\">\n\t\t\t\t<div class=\"elementor-widget-container\">\n\t\t\t\t\t\t\t<h2 style=\"text-align: center;\">Perspective<\/h2>\t\t\t\t\t\t<\/div>\n\t\t\t\t<\/div>\n\t\t\t\t<div class=\"elementor-element elementor-element-c4726ee elementor-widget elementor-widget-text-editor\" data-id=\"c4726ee\" data-element_type=\"widget\" data-widget_type=\"text-editor.default\">\n\t\t\t\t<div class=\"elementor-widget-container\">\n\t\t\t\t\t\t\t<p class=\"p2\"><i>\u00ab Notre<\/i> <b><i>perspective<\/i><\/b> <i>est celle d\u2019atteindre une exclusivit\u00e9 pour les meilleures entreprises du secteur mode, en offrant des produits originaux et de grande inspiration, le tout soutenu par de r\u00e9centes innovations industrielles \u00bb.<\/i><\/p>\t\t\t\t\t\t<\/div>\n\t\t\t\t<\/div>\n\t\t\t\t\t<\/div>\n\t\t<\/div>\n\t\t\t\t<div class=\"elementor-column elementor-col-50 elementor-inner-column elementor-element elementor-element-f23d3cd\" data-id=\"f23d3cd\" data-element_type=\"column\">\n\t\t\t<div class=\"elementor-widget-wrap elementor-element-populated\">\n\t\t\t\t\t\t<div class=\"elementor-element elementor-element-7b98417 elementor-widget elementor-widget-text-editor\" data-id=\"7b98417\" data-element_type=\"widget\" data-widget_type=\"text-editor.default\">\n\t\t\t\t<div class=\"elementor-widget-container\">\n\t\t\t\t\t\t\t<h2 style=\"text-align: center;  \">Mission<\/h2>\t\t\t\t\t\t<\/div>\n\t\t\t\t<\/div>\n\t\t\t\t<div class=\"elementor-element elementor-element-e49cc9c elementor-widget elementor-widget-text-editor\" data-id=\"e49cc9c\" data-element_type=\"widget\" data-widget_type=\"text-editor.default\">\n\t\t\t\t<div class=\"elementor-widget-container\">\n\t\t\t\t\t\t\t<p class=\"p1\"><i>\u00ab Notre<\/i> <b><i>mission<\/i><\/b> <i>est celle d\u2019atteindre ces objectifs en cherchant en toujours \u00e0 nous am\u00e9liorer dans tous les domaines, en favorisant le d\u00e9veloppement du business de fa\u00e7on durable et en r\u00e9pondant aux exigences du march\u00e9 en constante \u00e9volution \u00bb.<\/i><\/p>\t\t\t\t\t\t<\/div>\n\t\t\t\t<\/div>\n\t\t\t\t\t<\/div>\n\t\t<\/div>\n\t\t\t\t\t<\/div>\n\t\t<\/section>\n\t\t\t\t\t<\/div>\n\t\t<\/div>\n\t\t\t\t\t<\/div>\n\t\t<\/section>\n\t\t\t\t<\/div>\n\t\t","protected":false},"excerpt":{"rendered":"<p>L\u2019entreprise RF Roberto Fantoccoli 1975 est un convertisseur de textile attentif au march\u00e9 du luxe et sp\u00e9cialis\u00e9 dans une ample s\u00e9rie de tissus et de processus de fabrication. Ce projet englobe le pass\u00e9, le pr\u00e9sent et le futur et relance une marque historique du secteur,&#8230;<\/p>\n","protected":false},"author":2,"featured_media":0,"parent":0,"menu_order":0,"comment_status":"closed","ping_status":"closed","template":"full_width.php","meta":{"_coblocks_attr":"","_coblocks_dimensions":"","_coblocks_responsive_height":"","_coblocks_accordion_ie_support":"","footnotes":""},"class_list":["post-1281","page","type-page","status-publish","hentry"],"yoast_head":"<!-- This site is optimized with the Yoast SEO plugin v23.4 - https:\/\/yoast.com\/wordpress\/plugins\/seo\/ -->\n<title>NOUS CONNA\u00ceTRE - RF Roberto Fantoccoli 1975<\/title>\n<meta name=\"description\" content=\"RF Roberto Fantoccoli 1975 \u00e8 un converter tessile focalizzato sul mercato del lusso che propone un\u2019ampia gamma di tessuti ed \u00e8 specializzata in numerosi processi di nobilitazione.\" \/>\n<meta name=\"robots\" content=\"index, follow, max-snippet:-1, max-image-preview:large, max-video-preview:-1\" \/>\n<link rel=\"canonical\" href=\"https:\/\/rf1975.it\/fr\/nous-connaitre\/\" \/>\n<meta property=\"og:locale\" content=\"fr_FR\" \/>\n<meta property=\"og:type\" content=\"article\" \/>\n<meta property=\"og:title\" content=\"NOUS CONNA\u00ceTRE - RF Roberto Fantoccoli 1975\" \/>\n<meta property=\"og:description\" content=\"RF Roberto Fantoccoli 1975 \u00e8 un converter tessile focalizzato sul mercato del lusso che propone un\u2019ampia gamma di tessuti ed \u00e8 specializzata in numerosi processi di nobilitazione.\" \/>\n<meta property=\"og:url\" content=\"https:\/\/rf1975.it\/fr\/nous-connaitre\/\" \/>\n<meta property=\"og:site_name\" content=\"RF Roberto Fantoccoli 1975\" \/>\n<meta property=\"article:modified_time\" content=\"2022-09-26T11:03:03+00:00\" \/>\n<meta property=\"og:image\" content=\"https:\/\/rf1975.it\/wp-content\/uploads\/2022\/09\/Roberto_Fantoccoli_0645-1.jpg\" \/>\n<meta name=\"twitter:card\" content=\"summary_large_image\" \/>\n<meta name=\"twitter:label1\" content=\"Dur\u00e9e de lecture estim\u00e9e\" \/>\n\t<meta name=\"twitter:data1\" content=\"1 minute\" \/>\n<script type=\"application\/ld+json\" class=\"yoast-schema-graph\">{\"@context\":\"https:\/\/schema.org\",\"@graph\":[{\"@type\":\"WebPage\",\"@id\":\"https:\/\/rf1975.it\/fr\/nous-connaitre\/\",\"url\":\"https:\/\/rf1975.it\/fr\/nous-connaitre\/\",\"name\":\"NOUS CONNA\u00ceTRE - RF Roberto Fantoccoli 1975\",\"isPartOf\":{\"@id\":\"https:\/\/rf1975.it\/#website\"},\"primaryImageOfPage\":{\"@id\":\"https:\/\/rf1975.it\/fr\/nous-connaitre\/#primaryimage\"},\"image\":{\"@id\":\"https:\/\/rf1975.it\/fr\/nous-connaitre\/#primaryimage\"},\"thumbnailUrl\":\"https:\/\/rf1975.it\/wp-content\/uploads\/2022\/09\/Roberto_Fantoccoli_0645-1.jpg\",\"datePublished\":\"2022-07-21T10:13:18+00:00\",\"dateModified\":\"2022-09-26T11:03:03+00:00\",\"description\":\"RF Roberto Fantoccoli 1975 \u00e8 un converter tessile focalizzato sul mercato del lusso che propone un\u2019ampia gamma di tessuti ed \u00e8 specializzata in numerosi processi di nobilitazione.\",\"breadcrumb\":{\"@id\":\"https:\/\/rf1975.it\/fr\/nous-connaitre\/#breadcrumb\"},\"inLanguage\":\"fr-FR\",\"potentialAction\":[{\"@type\":\"ReadAction\",\"target\":[\"https:\/\/rf1975.it\/fr\/nous-connaitre\/\"]}]},{\"@type\":\"ImageObject\",\"inLanguage\":\"fr-FR\",\"@id\":\"https:\/\/rf1975.it\/fr\/nous-connaitre\/#primaryimage\",\"url\":\"https:\/\/rf1975.it\/wp-content\/uploads\/2022\/09\/Roberto_Fantoccoli_0645-1.jpg\",\"contentUrl\":\"https:\/\/rf1975.it\/wp-content\/uploads\/2022\/09\/Roberto_Fantoccoli_0645-1.jpg\"},{\"@type\":\"BreadcrumbList\",\"@id\":\"https:\/\/rf1975.it\/fr\/nous-connaitre\/#breadcrumb\",\"itemListElement\":[{\"@type\":\"ListItem\",\"position\":1,\"name\":\"Home\",\"item\":\"https:\/\/rf1975.it\/fr\/\"},{\"@type\":\"ListItem\",\"position\":2,\"name\":\"NOUS CONNA\u00ceTRE\"}]},{\"@type\":\"WebSite\",\"@id\":\"https:\/\/rf1975.it\/#website\",\"url\":\"https:\/\/rf1975.it\/\",\"name\":\"RF Roberto Fantoccoli 1975\",\"description\":\"\",\"potentialAction\":[{\"@type\":\"SearchAction\",\"target\":{\"@type\":\"EntryPoint\",\"urlTemplate\":\"https:\/\/rf1975.it\/?s={search_term_string}\"},\"query-input\":{\"@type\":\"PropertyValueSpecification\",\"valueRequired\":true,\"valueName\":\"search_term_string\"}}],\"inLanguage\":\"fr-FR\"}]}<\/script>\n<!-- \/ Yoast SEO plugin. -->","yoast_head_json":{"title":"NOUS CONNA\u00ceTRE - RF Roberto Fantoccoli 1975","description":"RF Roberto Fantoccoli 1975 \u00e8 un converter tessile focalizzato sul mercato del lusso che propone un\u2019ampia gamma di tessuti ed \u00e8 specializzata in numerosi processi di nobilitazione.","robots":{"index":"index","follow":"follow","max-snippet":"max-snippet:-1","max-image-preview":"max-image-preview:large","max-video-preview":"max-video-preview:-1"},"canonical":"https:\/\/rf1975.it\/fr\/nous-connaitre\/","og_locale":"fr_FR","og_type":"article","og_title":"NOUS CONNA\u00ceTRE - RF Roberto Fantoccoli 1975","og_description":"RF Roberto Fantoccoli 1975 \u00e8 un converter tessile focalizzato sul mercato del lusso che propone un\u2019ampia gamma di tessuti ed \u00e8 specializzata in numerosi processi di nobilitazione.","og_url":"https:\/\/rf1975.it\/fr\/nous-connaitre\/","og_site_name":"RF Roberto Fantoccoli 1975","article_modified_time":"2022-09-26T11:03:03+00:00","og_image":[{"url":"https:\/\/rf1975.it\/wp-content\/uploads\/2022\/09\/Roberto_Fantoccoli_0645-1.jpg"}],"twitter_card":"summary_large_image","twitter_misc":{"Dur\u00e9e de lecture estim\u00e9e":"1 minute"},"schema":{"@context":"https:\/\/schema.org","@graph":[{"@type":"WebPage","@id":"https:\/\/rf1975.it\/fr\/nous-connaitre\/","url":"https:\/\/rf1975.it\/fr\/nous-connaitre\/","name":"NOUS CONNA\u00ceTRE - RF Roberto Fantoccoli 1975","isPartOf":{"@id":"https:\/\/rf1975.it\/#website"},"primaryImageOfPage":{"@id":"https:\/\/rf1975.it\/fr\/nous-connaitre\/#primaryimage"},"image":{"@id":"https:\/\/rf1975.it\/fr\/nous-connaitre\/#primaryimage"},"thumbnailUrl":"https:\/\/rf1975.it\/wp-content\/uploads\/2022\/09\/Roberto_Fantoccoli_0645-1.jpg","datePublished":"2022-07-21T10:13:18+00:00","dateModified":"2022-09-26T11:03:03+00:00","description":"RF Roberto Fantoccoli 1975 \u00e8 un converter tessile focalizzato sul mercato del lusso che propone un\u2019ampia gamma di tessuti ed \u00e8 specializzata in numerosi processi di nobilitazione.","breadcrumb":{"@id":"https:\/\/rf1975.it\/fr\/nous-connaitre\/#breadcrumb"},"inLanguage":"fr-FR","potentialAction":[{"@type":"ReadAction","target":["https:\/\/rf1975.it\/fr\/nous-connaitre\/"]}]},{"@type":"ImageObject","inLanguage":"fr-FR","@id":"https:\/\/rf1975.it\/fr\/nous-connaitre\/#primaryimage","url":"https:\/\/rf1975.it\/wp-content\/uploads\/2022\/09\/Roberto_Fantoccoli_0645-1.jpg","contentUrl":"https:\/\/rf1975.it\/wp-content\/uploads\/2022\/09\/Roberto_Fantoccoli_0645-1.jpg"},{"@type":"BreadcrumbList","@id":"https:\/\/rf1975.it\/fr\/nous-connaitre\/#breadcrumb","itemListElement":[{"@type":"ListItem","position":1,"name":"Home","item":"https:\/\/rf1975.it\/fr\/"},{"@type":"ListItem","position":2,"name":"NOUS CONNA\u00ceTRE"}]},{"@type":"WebSite","@id":"https:\/\/rf1975.it\/#website","url":"https:\/\/rf1975.it\/","name":"RF Roberto Fantoccoli 1975","description":"","potentialAction":[{"@type":"SearchAction","target":{"@type":"EntryPoint","urlTemplate":"https:\/\/rf1975.it\/?s={search_term_string}"},"query-input":{"@type":"PropertyValueSpecification","valueRequired":true,"valueName":"search_term_string"}}],"inLanguage":"fr-FR"}]}},"_links":{"self":[{"href":"https:\/\/rf1975.it\/fr\/wp-json\/wp\/v2\/pages\/1281","targetHints":{"allow":["GET"]}}],"collection":[{"href":"https:\/\/rf1975.it\/fr\/wp-json\/wp\/v2\/pages"}],"about":[{"href":"https:\/\/rf1975.it\/fr\/wp-json\/wp\/v2\/types\/page"}],"author":[{"embeddable":true,"href":"https:\/\/rf1975.it\/fr\/wp-json\/wp\/v2\/users\/2"}],"replies":[{"embeddable":true,"href":"https:\/\/rf1975.it\/fr\/wp-json\/wp\/v2\/comments?post=1281"}],"version-history":[{"count":25,"href":"https:\/\/rf1975.it\/fr\/wp-json\/wp\/v2\/pages\/1281\/revisions"}],"predecessor-version":[{"id":1545,"href":"https:\/\/rf1975.it\/fr\/wp-json\/wp\/v2\/pages\/1281\/revisions\/1545"}],"wp:attachment":[{"href":"https:\/\/rf1975.it\/fr\/wp-json\/wp\/v2\/media?parent=1281"}],"curies":[{"name":"wp","href":"https:\/\/api.w.org\/{rel}","templated":true}]}}